{"id":3694,"date":"2023-03-21T08:20:21","date_gmt":"2023-03-21T13:20:21","guid":{"rendered":"https:\/\/calamambo.com\/menu-page\/"},"modified":"2026-01-27T20:36:34","modified_gmt":"2026-01-28T01:36:34","slug":"menu-page","status":"publish","type":"page","link":"https:\/\/calamambo.com\/es\/menu-page\/","title":{"rendered":"Men\u00fa"},"content":{"rendered":"\t\t<div data-elementor-type=\"wp-page\" data-elementor-id=\"3694\" class=\"elementor elementor-3694 elementor-952\">\n\t\t\t\t\t\t<section class=\"elementor-section elementor-top-section elementor-element elementor-element-34d2fc03 elementor-section-height-min-height cs-section-content-fullwidth cs-parallax-on-scroll cs_scroll_y_100 elementor-section-boxed elementor-section-height-default elementor-section-items-middle\" data-id=\"34d2fc03\" data-element_type=\"section\" data-settings=\"{&quot;background_background&quot;:&quot;classic&quot;}\" data-cs-parallax-y=\"100\" style=\"background-image: none;\" data-cs-background-image=\"https:\/\/calamambo.com\/wp-content\/uploads\/2024\/06\/er.png\">\n\t\t\t\t\t\t\t<div class=\"elementor-background-overlay\"><\/div>\n\t\t\t\t\t\t\t<div class=\"elementor-container elementor-column-gap-no\">\n\t\t\t\t\t<div class=\"elementor-column elementor-col-100 elementor-top-column elementor-element elementor-element-16facb1b dark-color\" data-id=\"16facb1b\" data-element_type=\"column\">\n\t\t\t<div class=\"elementor-widget-wrap elementor-element-populated\">\n\t\t\t\t\t\t<div class=\"elementor-element elementor-element-e14a19 elementor-widget elementor-widget-cs_title\" data-id=\"e14a19\" data-element_type=\"widget\" data-widget_type=\"cs_title.default\">\n\t\t\t\t<div class=\"elementor-widget-container\">\n\t\t\t\t\t\n        <div class=\"cs-title-wrap text-center\">\t            <div class=\"cs-subtitle-wrap\"><span class=\"cs-subtitle color-white\">Men\u00fa a la carta<\/span><\/div>\t            <h1 class=\"cs-title\">\n\t                Nuestro men\u00fa\t            <\/h1>        <\/div>\t\t\t\t<\/div>\n\t\t\t\t<\/div>\n\t\t\t\t\t<\/div>\n\t\t<\/div>\n\t\t\t\t\t<\/div>\n\t\t<\/section>\n\t\t<div class=\"elementor-element elementor-element-b9f8d92 e-flex e-con-boxed e-con e-parent\" data-id=\"b9f8d92\" data-element_type=\"container\">\n\t\t\t\t\t<div class=\"e-con-inner\">\n\t\t\t\t<div class=\"elementor-element elementor-element-ee17659 elementor-widget elementor-widget-image\" data-id=\"ee17659\" data-element_type=\"widget\" data-widget_type=\"image.default\">\n\t\t\t\t<div class=\"elementor-widget-container\">\n\t\t\t\t\t\t\t\t\t\t\t\t\t\t\t<img fetchpriority=\"high\" decoding=\"async\" width=\"800\" height=\"509\" src=\"https:\/\/calamambo.com\/wp-content\/uploads\/2025\/07\/plmrw7rgg9m.png\" class=\"attachment-large size-large wp-image-3711\" alt=\"\" srcset=\"https:\/\/calamambo.com\/wp-content\/uploads\/2025\/07\/plmrw7rgg9m.png 800w, https:\/\/calamambo.com\/wp-content\/uploads\/2025\/07\/plmrw7rgg9m-300x191.png 300w, https:\/\/calamambo.com\/wp-content\/uploads\/2025\/07\/plmrw7rgg9m-768x489.png 768w, https:\/\/calamambo.com\/wp-content\/uploads\/2025\/07\/plmrw7rgg9m-780x496.png 780w, https:\/\/calamambo.com\/wp-content\/uploads\/2025\/07\/plmrw7rgg9m-600x382.png 600w, https:\/\/calamambo.com\/wp-content\/uploads\/2025\/07\/plmrw7rgg9m-550x350.png 550w, https:\/\/calamambo.com\/wp-content\/uploads\/2025\/07\/plmrw7rgg9m-370x235.png 370w, https:\/\/calamambo.com\/wp-content\/uploads\/2025\/07\/plmrw7rgg9m-255x162.png 255w, https:\/\/calamambo.com\/wp-content\/uploads\/2025\/07\/plmrw7rgg9m-150x95.png 150w\" sizes=\"(max-width: 800px) 100vw, 800px\" \/>\t\t\t\t\t\t\t\t\t\t\t\t\t\t\t<\/div>\n\t\t\t\t<\/div>\n\t\t\t\t\t<\/div>\n\t\t\t\t<\/div>\n\t\t<div class=\"elementor-element elementor-element-571c4a5 e-flex e-con-boxed e-con e-parent\" data-id=\"571c4a5\" data-element_type=\"container\">\n\t\t\t\t\t<div class=\"e-con-inner\">\n\t\t\t\t<div class=\"elementor-element elementor-element-691262d elementor-widget elementor-widget-html\" data-id=\"691262d\" data-element_type=\"widget\" data-widget_type=\"html.default\">\n\t\t\t\t<div class=\"elementor-widget-container\">\n\t\t\t\t\t<!-- Smooth scrolling y estilos base -->\r\n<style>\r\n  html { scroll-behavior: smooth; }\r\n  .cala-nav {\r\n    display: flex;\r\n    justify-content: center;\r\n    align-items: center;\r\n    margin: 20px 0;\r\n    font-size: 1.25rem;\r\n  }\r\n  .cala-nav a {\r\n    margin: 0 8px;\r\n    color: #b57d5f;\r\n    text-decoration: none;\r\n    white-space: nowrap;\r\n  }\r\n  .cala-nav span {\r\n    color: #b57d5f;\r\n    margin: 0 4px;\r\n  }\r\n\r\n  \/* Versi\u00f3n m\u00f3vil *\/\r\n  @media (max-width: 600px) {\r\n    .cala-nav {\r\n      flex-direction: column;\r\n      font-size: 1.1rem;\r\n      margin: 10px 0;\r\n    }\r\n    .cala-nav span {\r\n      display: none; \/* ocultamos separadores en m\u00f3vil *\/\r\n    }\r\n    .cala-nav a {\r\n      margin: 6px 0; \/* espacio vertical entre enlaces *\/\r\n    }\r\n  }\r\n<\/style>\r\n\r\n<!-- Men\u00fa horizontal \/ responsivo -->\r\n<div class=\"cala-nav\">\r\n  <a href=\"#starters\">Entrandas<\/a>\r\n  <span>|<\/span>\r\n  <a href=\"#entrees\">Platos fuertes<\/a>\r\n  <span>|<\/span>\r\n  <a href=\"#desserts\">Postres<\/a>\r\n  <span>|<\/span>\r\n  <a href=\"#cocktails\">C\u00f3cteles<\/a>\r\n  <span>|<\/span>\r\n  <a href=\"#beverages\">Bebidas<\/a>\r\n<\/div>\r\n\t\t\t\t<\/div>\n\t\t\t\t<\/div>\n\t\t\t\t\t<\/div>\n\t\t\t\t<\/div>\n\t\t<div class=\"elementor-element elementor-element-381191e e-flex e-con-boxed e-con e-parent\" data-id=\"381191e\" data-element_type=\"container\">\n\t\t\t\t\t<div class=\"e-con-inner\">\n\t\t\t\t<div class=\"elementor-element elementor-element-2651b0b elementor-widget elementor-widget-image\" data-id=\"2651b0b\" data-element_type=\"widget\" data-widget_type=\"image.default\">\n\t\t\t\t<div class=\"elementor-widget-container\">\n\t\t\t\t\t\t\t\t\t\t\t\t\t\t\t<img decoding=\"async\" width=\"743\" height=\"812\" src=\"https:\/\/calamambo.com\/wp-content\/uploads\/2025\/07\/z3ghnzb0tv-1.gif\" class=\"attachment-large size-large wp-image-3713\" alt=\"\" \/>\t\t\t\t\t\t\t\t\t\t\t\t\t\t\t<\/div>\n\t\t\t\t<\/div>\n\t\t\t\t<div class=\"elementor-element elementor-element-b01a1f2 elementor-widget elementor-widget-image\" data-id=\"b01a1f2\" data-element_type=\"widget\" data-widget_type=\"image.default\">\n\t\t\t\t<div class=\"elementor-widget-container\">\n\t\t\t\t\t\t\t\t\t\t\t\t\t\t\t<img decoding=\"async\" width=\"743\" height=\"467\" src=\"https:\/\/calamambo.com\/wp-content\/uploads\/2025\/07\/ha9i59lte5l.gif\" class=\"attachment-large size-large wp-image-3715\" alt=\"\" \/>\t\t\t\t\t\t\t\t\t\t\t\t\t\t\t<\/div>\n\t\t\t\t<\/div>\n\t\t\t\t<div class=\"elementor-element elementor-element-fd77ec9 elementor-widget elementor-widget-image\" data-id=\"fd77ec9\" data-element_type=\"widget\" id=\"starters\" data-widget_type=\"image.default\">\n\t\t\t\t<div class=\"elementor-widget-container\">\n\t\t\t\t\t\t\t\t\t\t\t\t\t\t\t<img loading=\"lazy\" decoding=\"async\" width=\"743\" height=\"1784\" src=\"https:\/\/calamambo.com\/wp-content\/uploads\/2026\/01\/Esp-star.jpg\" class=\"attachment-full size-full wp-image-4645\" alt=\"\" srcset=\"https:\/\/calamambo.com\/wp-content\/uploads\/2026\/01\/Esp-star.jpg 743w, https:\/\/calamambo.com\/wp-content\/uploads\/2026\/01\/Esp-star-125x300.jpg 125w, https:\/\/calamambo.com\/wp-content\/uploads\/2026\/01\/Esp-star-426x1024.jpg 426w, https:\/\/calamambo.com\/wp-content\/uploads\/2026\/01\/Esp-star-640x1536.jpg 640w, https:\/\/calamambo.com\/wp-content\/uploads\/2026\/01\/Esp-star-600x1441.jpg 600w, https:\/\/calamambo.com\/wp-content\/uploads\/2026\/01\/Esp-star-550x1321.jpg 550w, https:\/\/calamambo.com\/wp-content\/uploads\/2026\/01\/Esp-star-370x888.jpg 370w, https:\/\/calamambo.com\/wp-content\/uploads\/2026\/01\/Esp-star-255x612.jpg 255w, https:\/\/calamambo.com\/wp-content\/uploads\/2026\/01\/Esp-star-62x150.jpg 62w\" sizes=\"(max-width: 743px) 100vw, 743px\" \/>\t\t\t\t\t\t\t\t\t\t\t\t\t\t\t<\/div>\n\t\t\t\t<\/div>\n\t\t\t\t<div class=\"elementor-element elementor-element-f18382f elementor-widget elementor-widget-image\" data-id=\"f18382f\" data-element_type=\"widget\" data-widget_type=\"image.default\">\n\t\t\t\t<div class=\"elementor-widget-container\">\n\t\t\t\t\t\t\t\t\t\t\t\t\t\t\t<img loading=\"lazy\" decoding=\"async\" width=\"743\" height=\"194\" src=\"https:\/\/calamambo.com\/wp-content\/uploads\/2025\/07\/9sq2ljfthft.gif\" class=\"attachment-large size-large wp-image-3719\" alt=\"\" \/>\t\t\t\t\t\t\t\t\t\t\t\t\t\t\t<\/div>\n\t\t\t\t<\/div>\n\t\t\t\t<div class=\"elementor-element elementor-element-3f1219b elementor-widget elementor-widget-image\" data-id=\"3f1219b\" data-element_type=\"widget\" id=\"entrees\" data-widget_type=\"image.default\">\n\t\t\t\t<div class=\"elementor-widget-container\">\n\t\t\t\t\t\t\t\t\t\t\t\t\t\t\t<img loading=\"lazy\" decoding=\"async\" width=\"743\" height=\"2528\" src=\"https:\/\/calamambo.com\/wp-content\/uploads\/2026\/01\/ESP-Entr.jpg\" class=\"attachment-full size-full wp-image-4647\" alt=\"\" srcset=\"https:\/\/calamambo.com\/wp-content\/uploads\/2026\/01\/ESP-Entr.jpg 743w, https:\/\/calamambo.com\/wp-content\/uploads\/2026\/01\/ESP-Entr-88x300.jpg 88w, https:\/\/calamambo.com\/wp-content\/uploads\/2026\/01\/ESP-Entr-301x1024.jpg 301w, https:\/\/calamambo.com\/wp-content\/uploads\/2026\/01\/ESP-Entr-602x2048.jpg 602w, https:\/\/calamambo.com\/wp-content\/uploads\/2026\/01\/ESP-Entr-600x2041.jpg 600w, https:\/\/calamambo.com\/wp-content\/uploads\/2026\/01\/ESP-Entr-550x1871.jpg 550w, https:\/\/calamambo.com\/wp-content\/uploads\/2026\/01\/ESP-Entr-370x1259.jpg 370w, https:\/\/calamambo.com\/wp-content\/uploads\/2026\/01\/ESP-Entr-255x868.jpg 255w, https:\/\/calamambo.com\/wp-content\/uploads\/2026\/01\/ESP-Entr-44x150.jpg 44w\" sizes=\"(max-width: 743px) 100vw, 743px\" \/>\t\t\t\t\t\t\t\t\t\t\t\t\t\t\t<\/div>\n\t\t\t\t<\/div>\n\t\t\t\t<div class=\"elementor-element elementor-element-1d772d4 elementor-widget elementor-widget-image\" data-id=\"1d772d4\" data-element_type=\"widget\" id=\"desserts\" data-widget_type=\"image.default\">\n\t\t\t\t<div class=\"elementor-widget-container\">\n\t\t\t\t\t\t\t\t\t\t\t\t\t\t\t<img loading=\"lazy\" decoding=\"async\" width=\"743\" height=\"713\" src=\"https:\/\/calamambo.com\/wp-content\/uploads\/2026\/01\/ESP-des.jpg\" class=\"attachment-full size-full wp-image-4649\" alt=\"\" srcset=\"https:\/\/calamambo.com\/wp-content\/uploads\/2026\/01\/ESP-des.jpg 743w, https:\/\/calamambo.com\/wp-content\/uploads\/2026\/01\/ESP-des-300x288.jpg 300w, https:\/\/calamambo.com\/wp-content\/uploads\/2026\/01\/ESP-des-600x576.jpg 600w, https:\/\/calamambo.com\/wp-content\/uploads\/2026\/01\/ESP-des-550x528.jpg 550w, https:\/\/calamambo.com\/wp-content\/uploads\/2026\/01\/ESP-des-370x355.jpg 370w, https:\/\/calamambo.com\/wp-content\/uploads\/2026\/01\/ESP-des-255x245.jpg 255w, https:\/\/calamambo.com\/wp-content\/uploads\/2026\/01\/ESP-des-150x144.jpg 150w\" sizes=\"(max-width: 743px) 100vw, 743px\" \/>\t\t\t\t\t\t\t\t\t\t\t\t\t\t\t<\/div>\n\t\t\t\t<\/div>\n\t\t\t\t<div class=\"elementor-element elementor-element-95f508b elementor-widget elementor-widget-image\" data-id=\"95f508b\" data-element_type=\"widget\" id=\"cocktails\" data-widget_type=\"image.default\">\n\t\t\t\t<div class=\"elementor-widget-container\">\n\t\t\t\t\t\t\t\t\t\t\t\t\t\t\t<img loading=\"lazy\" decoding=\"async\" width=\"743\" height=\"1631\" src=\"https:\/\/calamambo.com\/wp-content\/uploads\/2026\/01\/ESP-MAMcoc.jpg\" class=\"attachment-full size-full wp-image-4652\" alt=\"\" srcset=\"https:\/\/calamambo.com\/wp-content\/uploads\/2026\/01\/ESP-MAMcoc.jpg 743w, https:\/\/calamambo.com\/wp-content\/uploads\/2026\/01\/ESP-MAMcoc-137x300.jpg 137w, https:\/\/calamambo.com\/wp-content\/uploads\/2026\/01\/ESP-MAMcoc-466x1024.jpg 466w, https:\/\/calamambo.com\/wp-content\/uploads\/2026\/01\/ESP-MAMcoc-700x1536.jpg 700w, https:\/\/calamambo.com\/wp-content\/uploads\/2026\/01\/ESP-MAMcoc-600x1317.jpg 600w, https:\/\/calamambo.com\/wp-content\/uploads\/2026\/01\/ESP-MAMcoc-550x1207.jpg 550w, https:\/\/calamambo.com\/wp-content\/uploads\/2026\/01\/ESP-MAMcoc-370x812.jpg 370w, https:\/\/calamambo.com\/wp-content\/uploads\/2026\/01\/ESP-MAMcoc-255x560.jpg 255w, https:\/\/calamambo.com\/wp-content\/uploads\/2026\/01\/ESP-MAMcoc-68x150.jpg 68w\" sizes=\"(max-width: 743px) 100vw, 743px\" \/>\t\t\t\t\t\t\t\t\t\t\t\t\t\t\t<\/div>\n\t\t\t\t<\/div>\n\t\t\t\t<div class=\"elementor-element elementor-element-a8ec97d elementor-widget elementor-widget-image\" data-id=\"a8ec97d\" data-element_type=\"widget\" data-widget_type=\"image.default\">\n\t\t\t\t<div class=\"elementor-widget-container\">\n\t\t\t\t\t\t\t\t\t\t\t\t\t\t\t<img loading=\"lazy\" decoding=\"async\" width=\"743\" height=\"1132\" src=\"https:\/\/calamambo.com\/wp-content\/uploads\/2026\/01\/ESP-Class.jpg\" class=\"attachment-full size-full wp-image-4654\" alt=\"\" srcset=\"https:\/\/calamambo.com\/wp-content\/uploads\/2026\/01\/ESP-Class.jpg 743w, https:\/\/calamambo.com\/wp-content\/uploads\/2026\/01\/ESP-Class-197x300.jpg 197w, https:\/\/calamambo.com\/wp-content\/uploads\/2026\/01\/ESP-Class-672x1024.jpg 672w, https:\/\/calamambo.com\/wp-content\/uploads\/2026\/01\/ESP-Class-600x914.jpg 600w, https:\/\/calamambo.com\/wp-content\/uploads\/2026\/01\/ESP-Class-550x838.jpg 550w, https:\/\/calamambo.com\/wp-content\/uploads\/2026\/01\/ESP-Class-370x564.jpg 370w, https:\/\/calamambo.com\/wp-content\/uploads\/2026\/01\/ESP-Class-255x389.jpg 255w, https:\/\/calamambo.com\/wp-content\/uploads\/2026\/01\/ESP-Class-98x150.jpg 98w\" sizes=\"(max-width: 743px) 100vw, 743px\" \/>\t\t\t\t\t\t\t\t\t\t\t\t\t\t\t<\/div>\n\t\t\t\t<\/div>\n\t\t\t\t<div class=\"elementor-element elementor-element-4171b91 elementor-widget elementor-widget-image\" data-id=\"4171b91\" data-element_type=\"widget\" id=\"beverages\" data-widget_type=\"image.default\">\n\t\t\t\t<div class=\"elementor-widget-container\">\n\t\t\t\t\t\t\t\t\t\t\t\t\t\t\t<img loading=\"lazy\" decoding=\"async\" width=\"743\" height=\"1104\" src=\"https:\/\/calamambo.com\/wp-content\/uploads\/2026\/01\/ESP-Che.jpg\" class=\"attachment-full size-full wp-image-4656\" alt=\"\" srcset=\"https:\/\/calamambo.com\/wp-content\/uploads\/2026\/01\/ESP-Che.jpg 743w, https:\/\/calamambo.com\/wp-content\/uploads\/2026\/01\/ESP-Che-202x300.jpg 202w, https:\/\/calamambo.com\/wp-content\/uploads\/2026\/01\/ESP-Che-689x1024.jpg 689w, https:\/\/calamambo.com\/wp-content\/uploads\/2026\/01\/ESP-Che-600x892.jpg 600w, https:\/\/calamambo.com\/wp-content\/uploads\/2026\/01\/ESP-Che-550x817.jpg 550w, https:\/\/calamambo.com\/wp-content\/uploads\/2026\/01\/ESP-Che-370x550.jpg 370w, https:\/\/calamambo.com\/wp-content\/uploads\/2026\/01\/ESP-Che-255x379.jpg 255w, https:\/\/calamambo.com\/wp-content\/uploads\/2026\/01\/ESP-Che-101x150.jpg 101w\" sizes=\"(max-width: 743px) 100vw, 743px\" \/>\t\t\t\t\t\t\t\t\t\t\t\t\t\t\t<\/div>\n\t\t\t\t<\/div>\n\t\t\t\t<div class=\"elementor-element elementor-element-54effa0 elementor-widget elementor-widget-image\" data-id=\"54effa0\" data-element_type=\"widget\" data-widget_type=\"image.default\">\n\t\t\t\t<div class=\"elementor-widget-container\">\n\t\t\t\t\t\t\t\t\t\t\t\t\t\t\t<img loading=\"lazy\" decoding=\"async\" width=\"743\" height=\"143\" src=\"https:\/\/calamambo.com\/wp-content\/uploads\/2025\/07\/a6mp294at0m.gif\" class=\"attachment-full size-full wp-image-3731\" alt=\"\" \/>\t\t\t\t\t\t\t\t\t\t\t\t\t\t\t<\/div>\n\t\t\t\t<\/div>\n\t\t\t\t<div class=\"elementor-element elementor-element-9f55d6b elementor-widget elementor-widget-image\" data-id=\"9f55d6b\" data-element_type=\"widget\" data-widget_type=\"image.default\">\n\t\t\t\t<div class=\"elementor-widget-container\">\n\t\t\t\t\t\t\t\t\t\t\t\t\t\t\t<img loading=\"lazy\" decoding=\"async\" width=\"743\" height=\"2102\" src=\"https:\/\/calamambo.com\/wp-content\/uploads\/2026\/01\/ESP-Trag.jpg\" class=\"attachment-full size-full wp-image-4658\" alt=\"\" srcset=\"https:\/\/calamambo.com\/wp-content\/uploads\/2026\/01\/ESP-Trag.jpg 743w, https:\/\/calamambo.com\/wp-content\/uploads\/2026\/01\/ESP-Trag-106x300.jpg 106w, https:\/\/calamambo.com\/wp-content\/uploads\/2026\/01\/ESP-Trag-362x1024.jpg 362w, https:\/\/calamambo.com\/wp-content\/uploads\/2026\/01\/ESP-Trag-543x1536.jpg 543w, https:\/\/calamambo.com\/wp-content\/uploads\/2026\/01\/ESP-Trag-724x2048.jpg 724w, https:\/\/calamambo.com\/wp-content\/uploads\/2026\/01\/ESP-Trag-600x1697.jpg 600w, https:\/\/calamambo.com\/wp-content\/uploads\/2026\/01\/ESP-Trag-550x1556.jpg 550w, https:\/\/calamambo.com\/wp-content\/uploads\/2026\/01\/ESP-Trag-370x1047.jpg 370w, https:\/\/calamambo.com\/wp-content\/uploads\/2026\/01\/ESP-Trag-255x721.jpg 255w, https:\/\/calamambo.com\/wp-content\/uploads\/2026\/01\/ESP-Trag-53x150.jpg 53w\" sizes=\"(max-width: 743px) 100vw, 743px\" \/>\t\t\t\t\t\t\t\t\t\t\t\t\t\t\t<\/div>\n\t\t\t\t<\/div>\n\t\t\t\t\t<\/div>\n\t\t\t\t<\/div>\n\t\t<div class=\"elementor-element elementor-element-ba526c7 e-flex e-con-boxed e-con e-parent\" data-id=\"ba526c7\" data-element_type=\"container\">\n\t\t\t\t\t<div class=\"e-con-inner\">\n\t\t\t\t<div class=\"elementor-element elementor-element-ad5db1f elementor-widget elementor-widget-video\" data-id=\"ad5db1f\" data-element_type=\"widget\" data-settings=\"{&quot;youtube_url&quot;:&quot;https:\\\/\\\/www.youtube.com\\\/watch?v=ps5tkdTHWF4&quot;,&quot;video_type&quot;:&quot;youtube&quot;,&quot;controls&quot;:&quot;yes&quot;}\" data-widget_type=\"video.default\">\n\t\t\t\t<div class=\"elementor-widget-container\">\n\t\t\t\t\t\t\t<div class=\"elementor-wrapper elementor-open-inline\">\n\t\t\t<div class=\"elementor-video\"><\/div>\t\t<\/div>\n\t\t\t\t\t\t<\/div>\n\t\t\t\t<\/div>\n\t\t\t\t\t<\/div>\n\t\t\t\t<\/div>\n\t\t\t\t<\/div>\n\t\t","protected":false},"excerpt":{"rendered":"<p>Men\u00fa a la carta Nuestro men\u00fa Entrandas | Platos fuertes | Postres | C\u00f3cteles | Bebidas<\/p>\n","protected":false},"author":1,"featured_media":0,"parent":0,"menu_order":0,"comment_status":"closed","ping_status":"closed","template":"template-wide-content.php","meta":{"om_disable_all_campaigns":false,"cozystay_single_page_hide_site_header":"","cozystay_single_page_site_header_source":"","cozystay_single_page_custom_site_header":"0","cozystay_single_page_custom_sticky_site_header":"0","cozystay_single_page_hide_page_title":"on","cozystay_single_page_header_section_size":"","cozystay_single_page_header_background_color":"","cozystay_single_page_header_background_position_x":"center","cozystay_single_page_header_background_position_y":"center","cozystay_single_page_header_background_size":"cover","cozystay_single_page_header_background_repeat":"off","cozystay_single_page_header_background_scroll":"on","cozystay_single_page_header_text_color":"","cozystay_single_page_header_show_breadcrumb":"","cozystay_single_page_site_footer_hide_main":"","cozystay_single_custom_site_footer_main_source":"","cozystay_single_custom_site_footer_main":"0","cozystay_single_page_site_footer_hide_above":"","cozystay_single_custom_site_footer_above_source":"","cozystay_single_custom_site_footer_above":"0","cozystay_single_page_site_footer_hide_instagram":"","cozystay_single_page_site_footer_hide_bottom":"","cozystay_single_custom_mobile_menu_source":"","cozystay_single_custom_mobile_menu":"0","cozystay_single_custom_mobile_menu_animation":"","cozystay_single_custom_mobile_menu_width":"","cozystay_single_custom_mobile_menu_custom_width":375,"footnotes":""},"class_list":["post-3694","page","type-page","status-publish","hentry"],"_links":{"self":[{"href":"https:\/\/calamambo.com\/es\/wp-json\/wp\/v2\/pages\/3694","targetHints":{"allow":["GET"]}}],"collection":[{"href":"https:\/\/calamambo.com\/es\/wp-json\/wp\/v2\/pages"}],"about":[{"href":"https:\/\/calamambo.com\/es\/wp-json\/wp\/v2\/types\/page"}],"author":[{"embeddable":true,"href":"https:\/\/calamambo.com\/es\/wp-json\/wp\/v2\/users\/1"}],"replies":[{"embeddable":true,"href":"https:\/\/calamambo.com\/es\/wp-json\/wp\/v2\/comments?post=3694"}],"version-history":[{"count":12,"href":"https:\/\/calamambo.com\/es\/wp-json\/wp\/v2\/pages\/3694\/revisions"}],"predecessor-version":[{"id":4662,"href":"https:\/\/calamambo.com\/es\/wp-json\/wp\/v2\/pages\/3694\/revisions\/4662"}],"wp:attachment":[{"href":"https:\/\/calamambo.com\/es\/wp-json\/wp\/v2\/media?parent=3694"}],"curies":[{"name":"wp","href":"https:\/\/api.w.org\/{rel}","templated":true}]}}